{"id":2342,"date":"2025-06-19T13:59:47","date_gmt":"2025-06-19T13:59:47","guid":{"rendered":"https:\/\/webinvo.zum-web.ch\/?page_id=2342"},"modified":"2025-07-08T11:58:47","modified_gmt":"2025-07-08T11:58:47","slug":"legal-notice","status":"publish","type":"page","link":"https:\/\/webinvo.ch\/de\/legal-notice\/","title":{"rendered":"Legal Notice"},"content":{"rendered":"<div data-elementor-type=\"wp-page\" data-elementor-id=\"2342\" class=\"elementor elementor-2342\" data-elementor-post-type=\"page\">\n\t\t\t\t<div class=\"elementor-element elementor-element-10679bd e-flex e-con-boxed e-con e-parent\" data-id=\"10679bd\" data-element_type=\"container\" data-e-type=\"container\">\n\t\t\t\t\t<div class=\"e-con-inner\">\n\t\t\t\t<div class=\"elementor-element elementor-element-eb65b1a elementor-widget elementor-widget-heading\" data-id=\"eb65b1a\" data-element_type=\"widget\" data-e-type=\"widget\" data-widget_type=\"heading.default\">\n\t\t\t\t<div class=\"elementor-widget-container\">\n\t\t\t\t\t<h2 class=\"elementor-heading-title elementor-size-default\">Impressum<\/h2>\t\t\t\t<\/div>\n\t\t\t\t<\/div>\n\t\t\t\t<div class=\"elementor-element elementor-element-fce7020 elementor-widget elementor-widget-text-editor\" data-id=\"fce7020\" data-element_type=\"widget\" data-e-type=\"widget\" data-widget_type=\"text-editor.default\">\n\t\t\t\t<div class=\"elementor-widget-container\">\n\t\t\t\t\t\t\t\t\t<p>Der Eigent\u00fcmer dieser website ist:<\/p><p>Speed-Trend GmbH<br \/>Kirchbergstrasse 105<br \/>CH-3400 Burgdorf<br \/>Schweiz<br \/>E-Mail: <a href=\"mailto:info@webinvo.ch\">info@webinvo.ch<\/a><\/p><p>UMSATZSTEUER-ID: CHE-496.934.294<\/p><h4>1. Allgemeine<\/h4><p>In \u00fcbereinstimmung mit der Verordnung \u00fcber online-Beilegung verbraucherrechtlicher Streitigkeiten (ODR-Verordnung):<\/p><p>Wir m\u00f6chten Sie dar\u00fcber informieren, dass die Verbraucher haben die M\u00f6glichkeit, Beschwerden an die Europ\u00e4ische Kommission-online-Streitbeilegung-Plattform, die gefunden werden kann unter der folgenden URL: ec.europa.eu\/odr<\/p><p>Wir sind bereit oder verpflichtet zur Teilnahme an Streitbeilegungsverfahren vor einer Verbraucher-Schlichtungsstelle.<\/p>\t\t\t\t\t\t\t\t<\/div>\n\t\t\t\t<\/div>\n\t\t\t\t\t<\/div>\n\t\t\t\t<\/div>\n\t\t\t\t<\/div>","protected":false},"excerpt":{"rendered":"<p>Legal notice The owner of this website is: Speed Trend GmbHKirchbergstrasse 105CH-3400 BurgdorfSwitzerlandEmail: info@webinvo.ch VAT ID: CHE-496.934.294 1. General In accordance with the Regulation on online dispute resolution for consumer disputes (ODR Regulation): We would like to inform you that consumers have the option of submitting complaints to the European Commission&#8217;s online dispute resolution platform, [&hellip;]<\/p>\n","protected":false},"author":2,"featured_media":0,"parent":0,"menu_order":0,"comment_status":"closed","ping_status":"closed","template":"","meta":{"footnotes":""},"class_list":["post-2342","page","type-page","status-publish","hentry"],"_links":{"self":[{"href":"https:\/\/webinvo.ch\/de\/wp-json\/wp\/v2\/pages\/2342","targetHints":{"allow":["GET"]}}],"collection":[{"href":"https:\/\/webinvo.ch\/de\/wp-json\/wp\/v2\/pages"}],"about":[{"href":"https:\/\/webinvo.ch\/de\/wp-json\/wp\/v2\/types\/page"}],"author":[{"embeddable":true,"href":"https:\/\/webinvo.ch\/de\/wp-json\/wp\/v2\/users\/2"}],"replies":[{"embeddable":true,"href":"https:\/\/webinvo.ch\/de\/wp-json\/wp\/v2\/comments?post=2342"}],"version-history":[{"count":23,"href":"https:\/\/webinvo.ch\/de\/wp-json\/wp\/v2\/pages\/2342\/revisions"}],"predecessor-version":[{"id":3442,"href":"https:\/\/webinvo.ch\/de\/wp-json\/wp\/v2\/pages\/2342\/revisions\/3442"}],"wp:attachment":[{"href":"https:\/\/webinvo.ch\/de\/wp-json\/wp\/v2\/media?parent=2342"}],"curies":[{"name":"wp","href":"https:\/\/api.w.org\/{rel}","templated":true}]}}